{"id":17107,"date":"2017-09-14T16:18:53","date_gmt":"2017-09-14T14:18:53","guid":{"rendered":"https:\/\/www.poggi-spa.com\/silos\/"},"modified":"2018-07-16T09:44:09","modified_gmt":"2018-07-16T07:44:09","slug":"silos","status":"publish","type":"page","link":"https:\/\/www.poggi-spa.com\/de\/silos\/","title":{"rendered":"Silos"},"content":{"rendered":"<div class=\"wpb-content-wrapper\"><p>[vc_row row_type=&#8220;row&#8220; type=&#8220;full_width&#8220; text_align=&#8220;left&#8220; css_animation=&#8220;&#8220;][vc_column][vc_column_text]<\/p>\n<h2 style=\"text-align: center;\" align=\"\">Typologie der vertikalen Silos<\/h2>\n<p>[\/vc_column_text][vc_separator type=&#8220;transparent&#8220; up=&#8220;5&#8243; down=&#8220;0&#8243;][vc_column_text]<\/p>\n<h4 style=\"text-align: center;\">Die Poggi S.p.a. entwirft und kreiert vertikale Silos seit 1945<\/h4>\n<p>[\/vc_column_text][vc_separator type=&#8220;transparent&#8220; up=&#8220;15&#8243; down=&#8220;15&#8243;][vc_row_inner row_type=&#8220;row&#8220; type=&#8220;grid&#8220; text_align=&#8220;left&#8220; css_animation=&#8220;&#8220;][vc_column_inner width=&#8220;1\/3&#8243;]<div class=\"q_image_with_text_over \"><div class=\"shader\"><\/div><img decoding=\"async\" src=\"https:\/\/www.poggi-spa.com\/wp-content\/uploads\/2017\/09\/dscn9129-sm.jpg\" alt=\"Silos Verticali\" \/><div class=\"text\"><table><tr><td><h2 class=\"caption no_icon\" style=\"font-size: 30px;\">Silos Verticali<\/h2><\/td><\/tr><\/table><table><tr><td><div class=\"desc\"><span style=\"color: #ffffff;\">Geeignet f\u00fcr Mittlere Lagerungen, schnell und sichere Montage auf der Baustelle, leicht transportierbar, je f\u00fcr Sch\u00fcttgute und Fl\u00fcssigkeiten geeignet, k\u00f6nnen in mehrere Kammern geliefert werden f\u00fcr die Lagerung von verschiedene Materialen.<\/span><\/p>\n<p>[vc_separator type=&#8217;transparent&#8216; position=&#8217;center&#8216; color=&#8220; thickness=&#8220; up=&#8217;10&#8216; down=&#8217;10&#8216;]<\/p>\n<p><a href=\"https:\/\/www.poggi-spa.com\/de\/silos\/vertikale\/\" target=\"_self\" class=\"qbutton  small center\" style=\"font-weight: 500; \">Lesen Sie Alles<\/a><\/div><\/td><\/tr><\/table><\/div><\/div>[\/vc_column_inner][vc_column_inner width=&#8220;1\/3&#8243;]<div class=\"q_image_with_text_over \"><div class=\"shader\"><\/div><img decoding=\"async\" src=\"https:\/\/www.poggi-spa.com\/wp-content\/uploads\/2017\/11\/a4e5cefd-2f6a-4cf7-8b9f-09e564c6901c-Copy.jpg\" alt=\"Horizontal Silos\" \/><div class=\"text\"><table><tr><td><h2 class=\"caption no_icon\" style=\"font-size: 30px;\">Horizontal Silos<\/h2><\/td><\/tr><\/table><table><tr><td><div class=\"desc\"><span style=\"color: #ffffff;\">Geeignet f\u00fcr mobile Anlagen und f\u00fcr die Lagerung von pulverigen Material, schnelle Montage und Umbau, sehr leicht transportierbar, keine Baugenehmigungen anfordert f\u00fcr mehrere Sektoren.<\/span><\/p>\n<p>[vc_separator type=&#8217;transparent&#8216; position=&#8217;center&#8216; color=&#8220; thickness=&#8220; up=&#8217;10&#8216; down=&#8217;10&#8216;]<\/p>\n<p><a href=\"https:\/\/www.poggi-spa.com\/de\/silos\/horizontal\/\" target=\"_self\" class=\"qbutton  small center\" style=\"font-weight: 500; \">Lesen Sie Alles<\/a><\/div><\/td><\/tr><\/table><\/div><\/div>[\/vc_column_inner][vc_column_inner width=&#8220;1\/3&#8243;]<div class=\"q_image_with_text_over \"><div class=\"shader\"><\/div><img decoding=\"async\" src=\"https:\/\/www.poggi-spa.com\/wp-content\/uploads\/2017\/09\/IMG_7030-Copy.jpg\" alt=\"Pneumatische Horizontale Silos\" \/><div class=\"text\"><table><tr><td><h2 class=\"caption no_icon\" style=\"font-size: 30px;\">Pneumatische Horizontale Silos<\/h2><\/td><\/tr><\/table><table><tr><td><div class=\"desc\"><span style=\"color: #ffffff;\">Pneumatisches Silo-Fahrzeug leicht auf Anh\u00e4ngern oder Eisenbahnwagen befestigbar. Es kann auch als Schuttle-Silo in Tunneling Projekte verwendet werden.<\/span><\/p>\n<p>[vc_separator type=&#8217;transparent&#8216; position=&#8217;center&#8216; color=&#8220; thickness=&#8220; up=&#8217;10&#8216; down=&#8217;10&#8216;]<\/p>\n<p><a href=\"https:\/\/www.poggi-spa.com\/de\/silos\/pneumatische-horizontale\/\" target=\"_self\" class=\"qbutton  small center\" style=\"font-weight: 500; \">Lesen Sie Alles<\/a><\/div><\/td><\/tr><\/table><\/div><\/div>[\/vc_column_inner][\/vc_row_inner][vc_separator type=&#8220;transparent&#8220; up=&#8220;60&#8243;][\/vc_column][\/vc_row]<\/p>\n<\/div>","protected":false},"excerpt":{"rendered":"<p>[vc_row row_type=&#8220;row&#8220; type=&#8220;full_width&#8220; text_align=&#8220;left&#8220; css_animation=&#8220;&#8220;][vc_column][vc_column_text] Typologie der vertikalen Silos [\/vc_column_text][vc_separator type=&#8220;transparent&#8220; up=&#8220;5&#8243; down=&#8220;0&#8243;][vc_column_text] Die Poggi S.p.a. entwirft und kreiert vertikale Silos seit 1945 [\/vc_column_text][vc_separator type=&#8220;transparent&#8220; up=&#8220;15&#8243; down=&#8220;15&#8243;][vc_row_inner row_type=&#8220;row&#8220; type=&#8220;grid&#8220; text_align=&#8220;left&#8220; css_animation=&#8220;&#8220;][vc_column_inner width=&#8220;1\/3&#8243;][\/vc_column_inner][vc_column_inner width=&#8220;1\/3&#8243;][\/vc_column_inner][vc_column_inner width=&#8220;1\/3&#8243;][\/vc_column_inner][\/vc_row_inner][vc_separator type=&#8220;transparent&#8220; up=&#8220;60&#8243;][\/vc_column][\/vc_row]<\/p>\n","protected":false},"author":1,"featured_media":0,"parent":0,"menu_order":0,"comment_status":"closed","ping_status":"closed","template":"","meta":{"footnotes":""},"class_list":["post-17107","page","type-page","status-publish","hentry"],"_links":{"self":[{"href":"https:\/\/www.poggi-spa.com\/de\/wp-json\/wp\/v2\/pages\/17107","targetHints":{"allow":["GET"]}}],"collection":[{"href":"https:\/\/www.poggi-spa.com\/de\/wp-json\/wp\/v2\/pages"}],"about":[{"href":"https:\/\/www.poggi-spa.com\/de\/wp-json\/wp\/v2\/types\/page"}],"author":[{"embeddable":true,"href":"https:\/\/www.poggi-spa.com\/de\/wp-json\/wp\/v2\/users\/1"}],"replies":[{"embeddable":true,"href":"https:\/\/www.poggi-spa.com\/de\/wp-json\/wp\/v2\/comments?post=17107"}],"version-history":[{"count":0,"href":"https:\/\/www.poggi-spa.com\/de\/wp-json\/wp\/v2\/pages\/17107\/revisions"}],"wp:attachment":[{"href":"https:\/\/www.poggi-spa.com\/de\/wp-json\/wp\/v2\/media?parent=17107"}],"curies":[{"name":"wp","href":"https:\/\/api.w.org\/{rel}","templated":true}]}}